{"id":9,"date":"2017-08-25T21:27:26","date_gmt":"2017-08-25T21:27:26","guid":{"rendered":"https:\/\/atabasquena.com.mx\/?page_id=9"},"modified":"2017-10-24T15:58:35","modified_gmt":"2017-10-24T15:58:35","slug":"contacto","status":"publish","type":"page","link":"https:\/\/atabasquena.com.mx\/?page_id=9","title":{"rendered":"Contacto"},"content":{"rendered":"<p><img loading=\"lazy\" decoding=\"async\" class=\"alignnone size-medium wp-image-16 aligncenter\" src=\"https:\/\/atabasquena.com.mx\/wp-content\/uploads\/2017\/08\/LOGO-COMATSA2-300x125.png\" alt=\"\" width=\"300\" height=\"125\" srcset=\"https:\/\/atabasquena.com.mx\/wp-content\/uploads\/2017\/08\/LOGO-COMATSA2-300x125.png 300w, https:\/\/atabasquena.com.mx\/wp-content\/uploads\/2017\/08\/LOGO-COMATSA2.png 401w\" sizes=\"auto, (max-width: 300px) 100vw, 300px\" \/><\/p>\n<table width=\"110%\">\n<tbody>\n<tr>\n<td style=\"text-align: center;\" width=\"71%\"><\/td>\n<\/tr>\n<tr>\n<td style=\"text-align: center;\" width=\"71%\">Carretera Villahermosa a Jalapa Km. 2 mas 500, R\u00eda. Subteniente Garc\u00eda, Centro, Tabasco, M\u00e9xico. CP. 86291<\/p>\n<p><strong>Tel\u00e9fono: 01 (993) 3 53 39 33 Ext. 116<\/strong><\/p>\n<h3>Correo: <span style=\"color: #0000ff;\">comercializadora@atabasquena.com.mx<\/span><\/h3>\n<\/td>\n<\/tr>\n<\/tbody>\n<\/table>\n<p><img loading=\"lazy\" decoding=\"async\" class=\"aligncenter wp-image-80\" src=\"https:\/\/atabasquena.com.mx\/wp-content\/uploads\/2017\/09\/Nueva-imagen-13-300x166.png\" alt=\"\" width=\"400\" height=\"221\" srcset=\"https:\/\/atabasquena.com.mx\/wp-content\/uploads\/2017\/09\/Nueva-imagen-13-300x166.png 300w, https:\/\/atabasquena.com.mx\/wp-content\/uploads\/2017\/09\/Nueva-imagen-13-768x425.png 768w, https:\/\/atabasquena.com.mx\/wp-content\/uploads\/2017\/09\/Nueva-imagen-13.png 812w\" sizes=\"auto, (max-width: 400px) 100vw, 400px\" \/><\/p>\n","protected":false},"excerpt":{"rendered":"<p>Carretera Villahermosa a Jalapa Km. 2 mas 500, R\u00eda. Subteniente Garc\u00eda, Centro, Tabasco, M\u00e9xico. CP. 86291 Tel\u00e9fono: 01 (993) 3 53 39 33 Ext. 116 Correo: comercializadora@atabasquena.com.mx<\/p>\n","protected":false},"author":1,"featured_media":4,"parent":0,"menu_order":0,"comment_status":"closed","ping_status":"closed","template":"","meta":{"footnotes":""},"class_list":["post-9","page","type-page","status-publish","has-post-thumbnail","hentry"],"_links":{"self":[{"href":"https:\/\/atabasquena.com.mx\/index.php?rest_route=\/wp\/v2\/pages\/9","targetHints":{"allow":["GET"]}}],"collection":[{"href":"https:\/\/atabasquena.com.mx\/index.php?rest_route=\/wp\/v2\/pages"}],"about":[{"href":"https:\/\/atabasquena.com.mx\/index.php?rest_route=\/wp\/v2\/types\/page"}],"author":[{"embeddable":true,"href":"https:\/\/atabasquena.com.mx\/index.php?rest_route=\/wp\/v2\/users\/1"}],"replies":[{"embeddable":true,"href":"https:\/\/atabasquena.com.mx\/index.php?rest_route=%2Fwp%2Fv2%2Fcomments&post=9"}],"version-history":[{"count":17,"href":"https:\/\/atabasquena.com.mx\/index.php?rest_route=\/wp\/v2\/pages\/9\/revisions"}],"predecessor-version":[{"id":142,"href":"https:\/\/atabasquena.com.mx\/index.php?rest_route=\/wp\/v2\/pages\/9\/revisions\/142"}],"wp:featuredmedia":[{"embeddable":true,"href":"https:\/\/atabasquena.com.mx\/index.php?rest_route=\/wp\/v2\/media\/4"}],"wp:attachment":[{"href":"https:\/\/atabasquena.com.mx\/index.php?rest_route=%2Fwp%2Fv2%2Fmedia&parent=9"}],"curies":[{"name":"wp","href":"https:\/\/api.w.org\/{rel}","templated":true}]}}