{"id":7,"date":"2017-08-25T21:27:26","date_gmt":"2017-08-25T21:27:26","guid":{"rendered":"https:\/\/atabasquena.com.mx\/?page_id=7"},"modified":"2017-10-24T21:51:36","modified_gmt":"2017-10-24T21:51:36","slug":"inicio","status":"publish","type":"page","link":"https:\/\/atabasquena.com.mx\/?page_id=7","title":{"rendered":"Bienvenido"},"content":{"rendered":"<header class=\"entry-header\"><\/header>\n<p><img loading=\"lazy\" decoding=\"async\" class=\"size-medium wp-image-16 aligncenter\" src=\"https:\/\/atabasquena.com.mx\/wp-content\/uploads\/2017\/08\/LOGO-COMATSA2-300x125.png\" alt=\"\" width=\"300\" height=\"125\" srcset=\"https:\/\/atabasquena.com.mx\/wp-content\/uploads\/2017\/08\/LOGO-COMATSA2-300x125.png 300w, https:\/\/atabasquena.com.mx\/wp-content\/uploads\/2017\/08\/LOGO-COMATSA2.png 401w\" sizes=\"auto, (max-width: 300px) 100vw, 300px\" \/><\/p>\n<p>&nbsp;<\/p>\n<p style=\"text-align: center;\"><span style=\"font-size: 1rem;\">Estamos trabajando para darle el Servicio que se merece, Esperamos que sea de su agrado el visitarnos.<\/span><\/p>\n<p style=\"text-align: center;\">Empresa Mexicana 100% Tabasque\u00f1a.<\/p>\n<blockquote>\n<p style=\"text-align: center;\"><em><strong>\u00abSu Principal Especializada es la producci\u00f3n de productos para la pavimentaci\u00f3n, construcci\u00f3n de nuevos caminos y reparaci\u00f3n de los existentes\u00bb<\/strong><\/em><\/p>\n<p>&nbsp;<\/p><\/blockquote>\n<p>&nbsp;<\/p>\n","protected":false},"excerpt":{"rendered":"<p>&nbsp; Estamos trabajando para darle el Servicio que se merece, Esperamos que sea de su agrado el visitarnos. Empresa Mexicana 100% Tabasque\u00f1a. \u00abSu Principal Especializada es la producci\u00f3n de productos para la pavimentaci\u00f3n, construcci\u00f3n de nuevos caminos y reparaci\u00f3n de los existentes\u00bb &nbsp; &nbsp;<\/p>\n","protected":false},"author":1,"featured_media":0,"parent":0,"menu_order":0,"comment_status":"closed","ping_status":"closed","template":"","meta":{"footnotes":""},"class_list":["post-7","page","type-page","status-publish","hentry"],"_links":{"self":[{"href":"https:\/\/atabasquena.com.mx\/index.php?rest_route=\/wp\/v2\/pages\/7","targetHints":{"allow":["GET"]}}],"collection":[{"href":"https:\/\/atabasquena.com.mx\/index.php?rest_route=\/wp\/v2\/pages"}],"about":[{"href":"https:\/\/atabasquena.com.mx\/index.php?rest_route=\/wp\/v2\/types\/page"}],"author":[{"embeddable":true,"href":"https:\/\/atabasquena.com.mx\/index.php?rest_route=\/wp\/v2\/users\/1"}],"replies":[{"embeddable":true,"href":"https:\/\/atabasquena.com.mx\/index.php?rest_route=%2Fwp%2Fv2%2Fcomments&post=7"}],"version-history":[{"count":25,"href":"https:\/\/atabasquena.com.mx\/index.php?rest_route=\/wp\/v2\/pages\/7\/revisions"}],"predecessor-version":[{"id":151,"href":"https:\/\/atabasquena.com.mx\/index.php?rest_route=\/wp\/v2\/pages\/7\/revisions\/151"}],"wp:attachment":[{"href":"https:\/\/atabasquena.com.mx\/index.php?rest_route=%2Fwp%2Fv2%2Fmedia&parent=7"}],"curies":[{"name":"wp","href":"https:\/\/api.w.org\/{rel}","templated":true}]}}