{"id":44,"date":"2017-09-12T19:35:00","date_gmt":"2017-09-12T19:35:00","guid":{"rendered":"https:\/\/atabasquena.com.mx\/?page_id=44"},"modified":"2017-09-12T19:35:00","modified_gmt":"2017-09-12T19:35:00","slug":"objetivos-y-vision","status":"publish","type":"page","link":"https:\/\/atabasquena.com.mx\/?page_id=44","title":{"rendered":"Objetivos y Visi\u00f3n."},"content":{"rendered":"<p><strong>OBJETIVOS.<\/strong><\/p>\n<ul>\n<li>Proporcionar un servicio de construcci\u00f3n General de calidad satisfaciendo en tiempo y forma con las expectativas de nuestros clientes.<\/li>\n<li>Consolidar e incrementar la participaci\u00f3n en los proyectos de infraestructura, con innovaci\u00f3n de tecnolog\u00eda, confiabilidad, calidad y personal profesional t\u00e9cnico calificado.<\/li>\n<li>Preservar el medio ambiente asumiendo el compromiso de salvaguardar el patrimonio natural y cultural de nuestro pa\u00eds para contribuir al bienestar de la sociedad.<\/li>\n<\/ul>\n<p><strong>\u00a0<\/strong><b>VISI\u00d3N<\/b><\/p>\n<ul>\n<li>Ser una empresa de excelencia que se preocupa por el desarrollo de la construcci\u00f3n e\u00a0 infraestructura de nuestro pa\u00eds y por la conservaci\u00f3n del medio ambiente, orientados al servicio de calidad, a la vanguardia en tecnolog\u00eda, rentable, para la satisfacci\u00f3n a nuestros clientes.<\/li>\n<\/ul>\n","protected":false},"excerpt":{"rendered":"<p>OBJETIVOS. Proporcionar un servicio de construcci\u00f3n General de calidad satisfaciendo en tiempo y forma con las expectativas de nuestros clientes. Consolidar e incrementar la participaci\u00f3n en los proyectos de infraestructura, con innovaci\u00f3n de tecnolog\u00eda, confiabilidad, calidad y personal profesional t\u00e9cnico calificado. Preservar el medio ambiente asumiendo el compromiso de salvaguardar el patrimonio natural y cultural &hellip; <\/p>\n<p class=\"link-more\"><a href=\"https:\/\/atabasquena.com.mx\/?page_id=44\" class=\"more-link\">Continuar leyendo<span class=\"screen-reader-text\"> \u00abObjetivos y Visi\u00f3n.\u00bb<\/span><\/a><\/p>\n","protected":false},"author":1,"featured_media":0,"parent":0,"menu_order":0,"comment_status":"closed","ping_status":"closed","template":"","meta":{"footnotes":""},"class_list":["post-44","page","type-page","status-publish","hentry"],"_links":{"self":[{"href":"https:\/\/atabasquena.com.mx\/index.php?rest_route=\/wp\/v2\/pages\/44","targetHints":{"allow":["GET"]}}],"collection":[{"href":"https:\/\/atabasquena.com.mx\/index.php?rest_route=\/wp\/v2\/pages"}],"about":[{"href":"https:\/\/atabasquena.com.mx\/index.php?rest_route=\/wp\/v2\/types\/page"}],"author":[{"embeddable":true,"href":"https:\/\/atabasquena.com.mx\/index.php?rest_route=\/wp\/v2\/users\/1"}],"replies":[{"embeddable":true,"href":"https:\/\/atabasquena.com.mx\/index.php?rest_route=%2Fwp%2Fv2%2Fcomments&post=44"}],"version-history":[{"count":2,"href":"https:\/\/atabasquena.com.mx\/index.php?rest_route=\/wp\/v2\/pages\/44\/revisions"}],"predecessor-version":[{"id":48,"href":"https:\/\/atabasquena.com.mx\/index.php?rest_route=\/wp\/v2\/pages\/44\/revisions\/48"}],"wp:attachment":[{"href":"https:\/\/atabasquena.com.mx\/index.php?rest_route=%2Fwp%2Fv2%2Fmedia&parent=44"}],"curies":[{"name":"wp","href":"https:\/\/api.w.org\/{rel}","templated":true}]}}