{"id":35,"date":"2017-09-12T19:27:05","date_gmt":"2017-09-12T19:27:05","guid":{"rendered":"https:\/\/atabasquena.com.mx\/?page_id=35"},"modified":"2017-09-12T19:32:07","modified_gmt":"2017-09-12T19:32:07","slug":"curriculum","status":"publish","type":"page","link":"https:\/\/atabasquena.com.mx\/?page_id=35","title":{"rendered":"Curriculum"},"content":{"rendered":"<p style=\"text-align: center;\">Comercializadora y Armadora Tabasque\u00f1a, S.A. de C.V., es una empresa 100% tabasque\u00f1a, iniciando operaciones el a\u00f1o 2007. Siendo su giro principal \u00a0la venta de mezclas para pavimentos asf\u00e1lticos, renta de maquinaria y equipo, as\u00ed como \u00a0la elaboraci\u00f3n de terracer\u00edas, pavimentaci\u00f3n de caminos y obra civil. Aplicando los est\u00e1ndares de calidad y normas requeridas ante la Secretar\u00eda de Comunicaciones y Transportes.<\/p>\n","protected":false},"excerpt":{"rendered":"<p>Comercializadora y Armadora Tabasque\u00f1a, S.A. de C.V., es una empresa 100% tabasque\u00f1a, iniciando operaciones el a\u00f1o 2007. Siendo su giro principal \u00a0la venta de mezclas para pavimentos asf\u00e1lticos, renta de maquinaria y equipo, as\u00ed como \u00a0la elaboraci\u00f3n de terracer\u00edas, pavimentaci\u00f3n de caminos y obra civil. Aplicando los est\u00e1ndares de calidad y normas requeridas ante la &hellip; <\/p>\n<p class=\"link-more\"><a href=\"https:\/\/atabasquena.com.mx\/?page_id=35\" class=\"more-link\">Continuar leyendo<span class=\"screen-reader-text\"> \u00abCurriculum\u00bb<\/span><\/a><\/p>\n","protected":false},"author":1,"featured_media":0,"parent":0,"menu_order":0,"comment_status":"closed","ping_status":"closed","template":"","meta":{"footnotes":""},"class_list":["post-35","page","type-page","status-publish","hentry"],"_links":{"self":[{"href":"https:\/\/atabasquena.com.mx\/index.php?rest_route=\/wp\/v2\/pages\/35","targetHints":{"allow":["GET"]}}],"collection":[{"href":"https:\/\/atabasquena.com.mx\/index.php?rest_route=\/wp\/v2\/pages"}],"about":[{"href":"https:\/\/atabasquena.com.mx\/index.php?rest_route=\/wp\/v2\/types\/page"}],"author":[{"embeddable":true,"href":"https:\/\/atabasquena.com.mx\/index.php?rest_route=\/wp\/v2\/users\/1"}],"replies":[{"embeddable":true,"href":"https:\/\/atabasquena.com.mx\/index.php?rest_route=%2Fwp%2Fv2%2Fcomments&post=35"}],"version-history":[{"count":3,"href":"https:\/\/atabasquena.com.mx\/index.php?rest_route=\/wp\/v2\/pages\/35\/revisions"}],"predecessor-version":[{"id":41,"href":"https:\/\/atabasquena.com.mx\/index.php?rest_route=\/wp\/v2\/pages\/35\/revisions\/41"}],"wp:attachment":[{"href":"https:\/\/atabasquena.com.mx\/index.php?rest_route=%2Fwp%2Fv2%2Fmedia&parent=35"}],"curies":[{"name":"wp","href":"https:\/\/api.w.org\/{rel}","templated":true}]}}